{"id":13131,"date":"2021-09-14T17:32:51","date_gmt":"2021-09-14T17:32:51","guid":{"rendered":"https:\/\/alameen.ngo\/%d9%85%d9%86-%d9%86%d8%ad%d9%86\/%d8%a7%d9%84%d8%aa%d8%a8%d8%b1%d8%b9\/"},"modified":"2024-03-20T17:03:53","modified_gmt":"2024-03-20T14:03:53","slug":"%d8%a7%d9%84%d8%aa%d8%a8%d8%b1%d8%b9","status":"publish","type":"page","link":"https:\/\/alameen.ngo\/ar\/%d9%85%d9%86-%d9%86%d8%ad%d9%86\/%d8%a7%d9%84%d8%aa%d8%a8%d8%b1%d8%b9\/","title":{"rendered":"\u0627\u0644\u062a\u0628\u0631\u0639"},"content":{"rendered":"\t\t<div data-elementor-type=\"wp-page\" data-elementor-id=\"13131\" class=\"elementor elementor-13131 elementor-12074\" data-elementor-post-type=\"page\">\n\t\t\t\t\t\t<section class=\"elementor-section elementor-top-section elementor-element elementor-element-43c9f55 elementor-section-boxed elementor-section-height-default elementor-section-height-default\" data-id=\"43c9f55\" data-element_type=\"section\" data-e-type=\"section\" data-settings=\"{&quot;background_background&quot;:&quot;classic&quot;}\">\n\t\t\t\t\t\t<div class=\"elementor-container elementor-column-gap-default\">\n\t\t\t\t\t<div class=\"elementor-column elementor-col-100 elementor-top-column elementor-element elementor-element-9c616cb\" data-id=\"9c616cb\" data-element_type=\"column\" data-e-type=\"column\">\n\t\t\t<div class=\"elementor-widget-wrap\">\n\t\t\t\t\t\t\t<\/div>\n\t\t<\/div>\n\t\t\t\t\t<\/div>\n\t\t<\/section>\n\t\t\t\t<section class=\"elementor-section elementor-top-section elementor-element elementor-element-f759867 elementor-section-boxed elementor-section-height-default elementor-section-height-default\" data-id=\"f759867\" data-element_type=\"section\" data-e-type=\"section\">\n\t\t\t\t\t\t<div class=\"elementor-container elementor-column-gap-default\">\n\t\t\t\t\t<div class=\"elementor-column elementor-col-100 elementor-top-column elementor-element elementor-element-9efdf82\" data-id=\"9efdf82\" data-element_type=\"column\" data-e-type=\"column\">\n\t\t\t<div class=\"elementor-widget-wrap elementor-element-populated\">\n\t\t\t\t\t\t<section class=\"elementor-section elementor-inner-section elementor-element elementor-element-c57c007 elementor-section-boxed elementor-section-height-default elementor-section-height-default\" data-id=\"c57c007\" data-element_type=\"section\" data-e-type=\"section\">\n\t\t\t\t\t\t<div class=\"elementor-container elementor-column-gap-default\">\n\t\t\t\t\t<div class=\"elementor-column elementor-col-100 elementor-inner-column elementor-element elementor-element-8e5bc74\" data-id=\"8e5bc74\" data-element_type=\"column\" data-e-type=\"column\">\n\t\t\t<div class=\"elementor-widget-wrap elementor-element-populated\">\n\t\t\t\t\t\t<div class=\"elementor-element elementor-element-1d19d78 elementor-widget elementor-widget-heading\" data-id=\"1d19d78\" data-element_type=\"widget\" data-e-type=\"widget\" data-widget_type=\"heading.default\">\n\t\t\t\t<div class=\"elementor-widget-container\">\n\t\t\t\t\t<h2 class=\"elementor-heading-title elementor-size-default\">\u062a\u0628\u0631\u0639\u0643 \u0645\u0647\u0645 \u0644\u0646\u0627 <\/h2>\t\t\t\t<\/div>\n\t\t\t\t<\/div>\n\t\t\t\t<div class=\"elementor-element elementor-element-8c7b402 elementor-widget elementor-widget-text-editor\" data-id=\"8c7b402\" data-element_type=\"widget\" data-e-type=\"widget\" data-widget_type=\"text-editor.default\">\n\t\t\t\t<div class=\"elementor-widget-container\">\n\t\t\t\t\t\t\t\t\t<p>\u0643\u0631\u0645\u0643 \u064a\u0646\u0642\u0630 \u0627\u0644\u0643\u062b\u064a\u0631 \u0645\u0646 \u0627\u0644\u0623\u0631\u0648\u0627\u062d \u0648 \u0645\u0633\u0627\u0639\u062f\u0629 \u0627\u0644\u0645\u0632\u064a\u062f \u0645\u0646 \u0627\u0644\u0623\u0637\u0641\u0627\u0644 \u060c \u0648\u062a\u062e\u0641\u064a\u0641 \u0627\u0644\u0645\u0639\u0627\u0646\u0627\u0629 \u0648\u0625\u0639\u0627\u062f\u0629 \u0628\u0646\u0627\u0621 \u0627\u0644\u0623\u0633\u0631. \u0627\u0646\u062a \u0627\u0644\u0630\u064a \u062a\u062d\u062f\u062b \u0627\u0644\u0641\u0631\u0642,\u00a0 \u0628\u062d\u064a\u062b \u064a\u0645\u0643\u0646 \u0625\u0646\u0642\u0627\u0630 \u0627\u0644\u0623\u0637\u0641\u0627\u0644 \u0641\u064a \u0643\u0644 \u0645\u0643\u0627\u0646. \u064a\u0645\u0643\u0646\u0646\u0627 \u0641\u0642\u0637 \u0625\u0646\u0642\u0627\u0630 \u0627\u0644\u0645\u0632\u064a\u062f \u0645\u0646 <a href=\"https:\/\/alameen.ngo\/ar\/%d8%b9%d9%84%d8%a7%d8%ac-%d8%b7%d8%a8%d9%8a%d8%b9%d9%8a-%d9%84%d9%84%d8%b7%d9%81%d9%84-%d8%b9%d8%a8%d8%af-%d8%a7%d9%84%d9%84%d9%87-%d9%85%d9%86-%d9%85%d8%ad%d8%a7%d9%81%d8%b8%d8%a9-%d9%85%d8%a3\/\">\u0627\u0644\u0623\u0637\u0641\u0627\u0644<\/a> \u0648\u0627\u0644\u0639\u0627\u0626\u0644\u0627\u062a \u0628\u0645\u0633\u0627\u0639\u062f\u062a\u0643.<\/p><p><\/p>\t\t\t\t\t\t\t\t<\/div>\n\t\t\t\t<\/div>\n\t\t\t\t\t<\/div>\n\t\t<\/div>\n\t\t\t\t\t<\/div>\n\t\t<\/section>\n\t\t\t\t\t<\/div>\n\t\t<\/div>\n\t\t\t\t\t<\/div>\n\t\t<\/section>\n\t\t\t\t<section class=\"elementor-section elementor-top-section elementor-element elementor-element-408e2ae elementor-section-boxed elementor-section-height-default elementor-section-height-default\" data-id=\"408e2ae\" data-element_type=\"section\" data-e-type=\"section\">\n\t\t\t\t\t\t<div class=\"elementor-container elementor-column-gap-default\">\n\t\t\t\t\t<div class=\"elementor-column elementor-col-100 elementor-top-column elementor-element elementor-element-c8f9ad3\" data-id=\"c8f9ad3\" data-element_type=\"column\" data-e-type=\"column\">\n\t\t\t<div class=\"elementor-widget-wrap elementor-element-populated\">\n\t\t\t\t\t\t<div class=\"elementor-element elementor-element-5557486 elementor-widget elementor-widget-heading\" data-id=\"5557486\" data-element_type=\"widget\" data-e-type=\"widget\" data-widget_type=\"heading.default\">\n\t\t\t\t<div class=\"elementor-widget-container\">\n\t\t\t\t\t<h2 class=\"elementor-heading-title elementor-size-default\">\u0627\u0644\u062d\u0633\u0627\u0628\u0627\u062a \u0627\u0644\u0645\u0635\u0631\u0641\u064a\u0629 \u0645\u0646 \u0623\u062c\u0644 \u0627\u0644\u062a\u0628\u0631\u0639 \u0641\u064a \u062a\u0631\u0643\u064a\u0627<\/h2>\t\t\t\t<\/div>\n\t\t\t\t<\/div>\n\t\t\t\t<div class=\"elementor-element elementor-element-63cb1af elementor-widget elementor-widget-text-editor\" data-id=\"63cb1af\" data-element_type=\"widget\" data-e-type=\"widget\" data-widget_type=\"text-editor.default\">\n\t\t\t\t<div class=\"elementor-widget-container\">\n\t\t\t\t\t\t\t\t\t<h3>\u062d\u0633\u0627\u0628 \u0627\u0644\u0644\u064a\u0631\u0629 \u0627\u0644\u062a\u0631\u0643\u064a\u0629<\/h3><h3 style=\"text-align: left;\">ULUSLAR ARASI SAVA\u015e VE AFET MA\u011eDURLARINI KORUMA DERNE\u011e\u0130<br \/>TR35 0020 3000 0363 6863 0000 01<\/h3><h3>\u062d\u0633\u0627\u0628 \u0627\u0644\u062f\u0648\u0644\u0627\u0631 \u0627\u0644\u0623\u0645\u0631\u064a\u0643\u064a<\/h3><h3 style=\"text-align: left;\">Account Holder<br \/>ULUSLAR ARASI SAVA\u015e VE AFET MA\u011eDURLARINI KORUMA DERNE\u011e\u0130<br \/>Hesap No: 3636863<br \/>IBAN : TR08 0020 3000 0363 6863 0000 02<br \/>BRANCH : GAZIANTEP 9<br \/>Swift code: BTFHTRIS<\/h3><h3 style=\"text-align: right;\">\u062d\u0633\u0627\u0628 \u0627\u0644\u064a\u0648\u0631\u0648<\/h3><h3 style=\"text-align: left;\">Account Holder<br \/>ULUSLAR ARASI SAVA\u015e VE AFET MA\u011eDURLARINI KORUMA DERNE\u011e\u0130<br \/>EURO IBAN : TR78 0020 3000 0363 6863 0000 03<br \/>BRANCH : GAZIANTEP 9<br \/>Swift code: BTFHTRIS<\/h3>\t\t\t\t\t\t\t\t<\/div>\n\t\t\t\t<\/div>\n\t\t\t\t<div class=\"elementor-element elementor-element-58e1ebd elementor-widget elementor-widget-spacer\" data-id=\"58e1ebd\" data-element_type=\"widget\" data-e-type=\"widget\" data-widget_type=\"spacer.default\">\n\t\t\t\t<div class=\"elementor-widget-container\">\n\t\t\t\t\t\t\t<div class=\"elementor-spacer\">\n\t\t\t<div class=\"elementor-spacer-inner\"><\/div>\n\t\t<\/div>\n\t\t\t\t\t\t<\/div>\n\t\t\t\t<\/div>\n\t\t\t\t\t<\/div>\n\t\t<\/div>\n\t\t\t\t\t<\/div>\n\t\t<\/section>\n\t\t\t\t<section class=\"elementor-section elementor-top-section elementor-element elementor-element-a0bd879 elementor-section-boxed elementor-section-height-default elementor-section-height-default\" data-id=\"a0bd879\" data-element_type=\"section\" data-e-type=\"section\">\n\t\t\t\t\t\t<div class=\"elementor-container elementor-column-gap-default\">\n\t\t\t\t\t<div class=\"elementor-column elementor-col-100 elementor-top-column elementor-element elementor-element-03bdd80\" data-id=\"03bdd80\" data-element_type=\"column\" data-e-type=\"column\">\n\t\t\t<div class=\"elementor-widget-wrap elementor-element-populated\">\n\t\t\t\t\t\t<div class=\"elementor-element elementor-element-b0a3322 elementor-widget elementor-widget-heading\" data-id=\"b0a3322\" data-element_type=\"widget\" data-e-type=\"widget\" data-widget_type=\"heading.default\">\n\t\t\t\t<div class=\"elementor-widget-container\">\n\t\t\t\t\t<h2 class=\"elementor-heading-title elementor-size-default\">\u0627\u0644\u062d\u0633\u0627\u0628\u0627\u062a \u0627\u0644\u0645\u0635\u0631\u0641\u064a\u0629 \u0645\u0646 \u0623\u062c\u0644 \u0627\u0644\u062a\u0628\u0631\u0639 \u0641\u064a \u0627\u0644\u0645\u0645\u0644\u0643\u0629 \u0627\u0644\u0645\u062a\u062d\u062f\u0629<\/h2>\t\t\t\t<\/div>\n\t\t\t\t<\/div>\n\t\t\t\t<div class=\"elementor-element elementor-element-c39994e elementor-widget elementor-widget-text-editor\" data-id=\"c39994e\" data-element_type=\"widget\" data-e-type=\"widget\" data-widget_type=\"text-editor.default\">\n\t\t\t\t<div class=\"elementor-widget-container\">\n\t\t\t\t\t\t\t\t\t<p>\u062a\u0641\u0627\u0635\u064a\u0644 \u0627\u0644\u0628\u0646\u0643:<br \/>&#8211; Alameen for Humanitarian Support <br \/>&#8211; \u0627\u0644\u0643\u0648\u062f \u0627\u0644\u0628\u0646\u0643\u064a: 309950<br \/>&#8211; \u0631\u0642\u0645 \u0627\u0644\u062d\u0633\u0627\u0628: 17316562<\/p>\t\t\t\t\t\t\t\t<\/div>\n\t\t\t\t<\/div>\n\t\t\t\t<div class=\"elementor-element elementor-element-5a1e2c5 elementor-widget elementor-widget-spacer\" data-id=\"5a1e2c5\" data-element_type=\"widget\" data-e-type=\"widget\" data-widget_type=\"spacer.default\">\n\t\t\t\t<div class=\"elementor-widget-container\">\n\t\t\t\t\t\t\t<div class=\"elementor-spacer\">\n\t\t\t<div class=\"elementor-spacer-inner\"><\/div>\n\t\t<\/div>\n\t\t\t\t\t\t<\/div>\n\t\t\t\t<\/div>\n\t\t\t\t\t<\/div>\n\t\t<\/div>\n\t\t\t\t\t<\/div>\n\t\t<\/section>\n\t\t\t\t<\/div>\n\t\t","protected":false},"excerpt":{"rendered":"<p>\u062a\u0628\u0631\u0639\u0643 \u0645\u0647\u0645 \u0644\u0646\u0627 \u0643\u0631\u0645\u0643 \u064a\u0646\u0642\u0630 \u0627\u0644\u0643\u062b\u064a\u0631 \u0645\u0646 \u0627\u0644\u0623\u0631\u0648\u0627\u062d \u0648 \u0645\u0633\u0627\u0639\u062f\u0629 \u0627\u0644\u0645\u0632\u064a\u062f \u0645\u0646 \u0627\u0644\u0623\u0637\u0641\u0627\u0644 \u060c \u0648\u062a\u062e\u0641\u064a\u0641 \u0627\u0644\u0645\u0639\u0627\u0646\u0627\u0629 \u0648\u0625\u0639\u0627\u062f\u0629 \u0628\u0646\u0627\u0621 \u0627\u0644\u0623\u0633\u0631. \u0627\u0646\u062a \u0627\u0644\u0630\u064a \u062a\u062d\u062f\u062b \u0627\u0644\u0641\u0631\u0642,\u00a0 \u0628\u062d\u064a\u062b \u064a\u0645\u0643\u0646 \u0625\u0646\u0642\u0627\u0630 \u0627\u0644\u0623\u0637\u0641\u0627\u0644 \u0641\u064a \u0643\u0644 \u0645\u0643\u0627\u0646. \u064a\u0645\u0643\u0646\u0646\u0627 \u0641\u0642\u0637 \u0625\u0646\u0642\u0627\u0630 \u0627\u0644\u0645\u0632\u064a\u062f \u0645\u0646 \u0627\u0644\u0623\u0637\u0641\u0627\u0644 \u0648\u0627\u0644\u0639\u0627\u0626\u0644\u0627\u062a \u0628\u0645\u0633\u0627\u0639\u062f\u062a\u0643. \u0627\u0644\u062d\u0633\u0627\u0628\u0627\u062a \u0627\u0644\u0645\u0635\u0631\u0641\u064a\u0629 \u0645\u0646 \u0623\u062c\u0644 \u0627\u0644\u062a\u0628\u0631\u0639 \u0641\u064a \u062a\u0631\u0643\u064a\u0627 \u062d\u0633\u0627\u0628 \u0627\u0644\u0644\u064a\u0631\u0629 \u0627\u0644\u062a\u0631\u0643\u064a\u0629 ULUSLAR ARASI SAVA\u015e VE AFET MA\u011eDURLARINI KORUMA [&hellip;]<\/p>\n","protected":false},"author":1,"featured_media":0,"parent":13130,"menu_order":0,"comment_status":"closed","ping_status":"closed","template":"elementor_header_footer","meta":{"give_campaign_id":0,"footnotes":""},"class_list":["post-13131","page","type-page","status-publish","hentry","entry"],"yoast_head":"<!-- This site is optimized with the Yoast SEO plugin v27.3 - https:\/\/yoast.com\/product\/yoast-seo-wordpress\/ -->\n<title>\u0627\u0644\u062a\u0628\u0631\u0639 | \u0645\u0646\u0638\u0645\u0629 \u0627\u0644\u0623\u0645\u064a\u0646<\/title>\n<meta name=\"description\" content=\"\u0627\u0644\u062a\u0628\u0631\u0639 \u0645\u0647\u0645 \u0644\u0623\u0637\u0641\u0627\u0644 \u0627\u0644\u0644\u0627\u062c\u0626\u064a\u0646,\u0643\u0631\u0645\u0643 \u064a\u0646\u0642\u0630 \u0627\u0644\u0643\u062b\u064a\u0631 \u0645\u0646 \u0627\u0644\u0623\u0631\u0648\u0627\u062d \u0648 \u0645\u0633\u0627\u0639\u062f\u0629 \u0627\u0644\u0645\u0632\u064a\u062f \u0645\u0646 \u0627\u0644\u0623\u0637\u0641\u0627\u0644 \u060c \u0648\u062a\u062e\u0641\u064a\u0641 \u0627\u0644\u0645\u0639\u0627\u0646\u0627\u0629 \u0648\u0625\u0639\u0627\u062f\u0629 \u0628\u0646\u0627\u0621 \u0627\u0644\u0623\u0633\u0631\" \/>\n<meta name=\"robots\" content=\"index, follow, max-snippet:-1, max-image-preview:large, max-video-preview:-1\" \/>\n<link rel=\"canonical\" href=\"https:\/\/alameen.ngo\/ar\/%d9%85%d9%86-%d9%86%d8%ad%d9%86\/%d8%a7%d9%84%d8%aa%d8%a8%d8%b1%d8%b9\/\" \/>\n<meta property=\"og:locale\" content=\"ar_AR\" \/>\n<meta property=\"og:type\" content=\"article\" \/>\n<meta property=\"og:title\" content=\"\u0627\u0644\u062a\u0628\u0631\u0639 | \u0645\u0646\u0638\u0645\u0629 \u0627\u0644\u0623\u0645\u064a\u0646\" \/>\n<meta property=\"og:description\" content=\"\u0627\u0644\u062a\u0628\u0631\u0639 \u0645\u0647\u0645 \u0644\u0623\u0637\u0641\u0627\u0644 \u0627\u0644\u0644\u0627\u062c\u0626\u064a\u0646,\u0643\u0631\u0645\u0643 \u064a\u0646\u0642\u0630 \u0627\u0644\u0643\u062b\u064a\u0631 \u0645\u0646 \u0627\u0644\u0623\u0631\u0648\u0627\u062d \u0648 \u0645\u0633\u0627\u0639\u062f\u0629 \u0627\u0644\u0645\u0632\u064a\u062f \u0645\u0646 \u0627\u0644\u0623\u0637\u0641\u0627\u0644 \u060c \u0648\u062a\u062e\u0641\u064a\u0641 \u0627\u0644\u0645\u0639\u0627\u0646\u0627\u0629 \u0648\u0625\u0639\u0627\u062f\u0629 \u0628\u0646\u0627\u0621 \u0627\u0644\u0623\u0633\u0631\" \/>\n<meta property=\"og:url\" content=\"https:\/\/alameen.ngo\/ar\/%d9%85%d9%86-%d9%86%d8%ad%d9%86\/%d8%a7%d9%84%d8%aa%d8%a8%d8%b1%d8%b9\/\" \/>\n<meta property=\"og:site_name\" content=\"\u0627\u0644\u062c\u0645\u0639\u064a\u0629 \u0627\u0644\u062f\u0648\u0644\u064a\u0629 &quot;\u0627\u0644\u0623\u0645\u064a\u0646&quot;\" \/>\n<meta property=\"article:publisher\" content=\"https:\/\/www.facebook.com\/profile.php?id=100064517267391\" \/>\n<meta property=\"article:modified_time\" content=\"2024-03-20T14:03:53+00:00\" \/>\n<meta name=\"twitter:card\" content=\"summary_large_image\" \/>\n<meta name=\"twitter:site\" content=\"@alameen_ngo\" \/>\n<meta name=\"twitter:label1\" content=\"\u0648\u0642\u062a \u0627\u0644\u0642\u0631\u0627\u0621\u0629 \u0627\u0644\u0645\u064f\u0642\u062f\u0651\u0631\" \/>\n\t<meta name=\"twitter:data1\" content=\"1 \u062f\u0642\u064a\u0642\u0629\" \/>\n<script type=\"application\/ld+json\" class=\"yoast-schema-graph\">{\"@context\":\"https:\\\/\\\/schema.org\",\"@graph\":[{\"@type\":\"WebPage\",\"@id\":\"https:\\\/\\\/alameen.ngo\\\/ar\\\/%d9%85%d9%86-%d9%86%d8%ad%d9%86\\\/%d8%a7%d9%84%d8%aa%d8%a8%d8%b1%d8%b9\\\/\",\"url\":\"https:\\\/\\\/alameen.ngo\\\/ar\\\/%d9%85%d9%86-%d9%86%d8%ad%d9%86\\\/%d8%a7%d9%84%d8%aa%d8%a8%d8%b1%d8%b9\\\/\",\"name\":\"\u0627\u0644\u062a\u0628\u0631\u0639 | \u0645\u0646\u0638\u0645\u0629 \u0627\u0644\u0623\u0645\u064a\u0646\",\"isPartOf\":{\"@id\":\"https:\\\/\\\/alameen.ngo\\\/ar\\\/#website\"},\"datePublished\":\"2021-09-14T17:32:51+00:00\",\"dateModified\":\"2024-03-20T14:03:53+00:00\",\"description\":\"\u0627\u0644\u062a\u0628\u0631\u0639 \u0645\u0647\u0645 \u0644\u0623\u0637\u0641\u0627\u0644 \u0627\u0644\u0644\u0627\u062c\u0626\u064a\u0646,\u0643\u0631\u0645\u0643 \u064a\u0646\u0642\u0630 \u0627\u0644\u0643\u062b\u064a\u0631 \u0645\u0646 \u0627\u0644\u0623\u0631\u0648\u0627\u062d \u0648 \u0645\u0633\u0627\u0639\u062f\u0629 \u0627\u0644\u0645\u0632\u064a\u062f \u0645\u0646 \u0627\u0644\u0623\u0637\u0641\u0627\u0644 \u060c \u0648\u062a\u062e\u0641\u064a\u0641 \u0627\u0644\u0645\u0639\u0627\u0646\u0627\u0629 \u0648\u0625\u0639\u0627\u062f\u0629 \u0628\u0646\u0627\u0621 \u0627\u0644\u0623\u0633\u0631\",\"breadcrumb\":{\"@id\":\"https:\\\/\\\/alameen.ngo\\\/ar\\\/%d9%85%d9%86-%d9%86%d8%ad%d9%86\\\/%d8%a7%d9%84%d8%aa%d8%a8%d8%b1%d8%b9\\\/#breadcrumb\"},\"inLanguage\":\"ar\",\"potentialAction\":[{\"@type\":\"ReadAction\",\"target\":[\"https:\\\/\\\/alameen.ngo\\\/ar\\\/%d9%85%d9%86-%d9%86%d8%ad%d9%86\\\/%d8%a7%d9%84%d8%aa%d8%a8%d8%b1%d8%b9\\\/\"]}]},{\"@type\":\"BreadcrumbList\",\"@id\":\"https:\\\/\\\/alameen.ngo\\\/ar\\\/%d9%85%d9%86-%d9%86%d8%ad%d9%86\\\/%d8%a7%d9%84%d8%aa%d8%a8%d8%b1%d8%b9\\\/#breadcrumb\",\"itemListElement\":[{\"@type\":\"ListItem\",\"position\":1,\"name\":\"\u0628\u064a\u062a\"},{\"@type\":\"ListItem\",\"position\":2,\"name\":\"\u0645\u0646 \u0646\u062d\u0646\",\"item\":\"https:\\\/\\\/alameen.ngo\\\/ar\\\/%d9%85%d9%86-%d9%86%d8%ad%d9%86\\\/\"},{\"@type\":\"ListItem\",\"position\":3,\"name\":\"\u0627\u0644\u062a\u0628\u0631\u0639\"}]},{\"@type\":\"WebSite\",\"@id\":\"https:\\\/\\\/alameen.ngo\\\/ar\\\/#website\",\"url\":\"https:\\\/\\\/alameen.ngo\\\/ar\\\/\",\"name\":\"Alameen Organization\",\"description\":\"\",\"publisher\":{\"@id\":\"https:\\\/\\\/alameen.ngo\\\/ar\\\/#organization\"},\"potentialAction\":[{\"@type\":\"SearchAction\",\"target\":{\"@type\":\"EntryPoint\",\"urlTemplate\":\"https:\\\/\\\/alameen.ngo\\\/ar\\\/?s={search_term_string}\"},\"query-input\":{\"@type\":\"PropertyValueSpecification\",\"valueRequired\":true,\"valueName\":\"search_term_string\"}}],\"inLanguage\":\"ar\"},{\"@type\":\"Organization\",\"@id\":\"https:\\\/\\\/alameen.ngo\\\/ar\\\/#organization\",\"name\":\"Alameen\",\"url\":\"https:\\\/\\\/alameen.ngo\\\/ar\\\/\",\"logo\":{\"@type\":\"ImageObject\",\"inLanguage\":\"ar\",\"@id\":\"https:\\\/\\\/alameen.ngo\\\/ar\\\/#\\\/schema\\\/logo\\\/image\\\/\",\"url\":\"https:\\\/\\\/alameen.ngo\\\/wp-content\\\/uploads\\\/2020\\\/08\\\/IRVD.png\",\"contentUrl\":\"https:\\\/\\\/alameen.ngo\\\/wp-content\\\/uploads\\\/2020\\\/08\\\/IRVD.png\",\"width\":1850,\"height\":1000,\"caption\":\"Alameen\"},\"image\":{\"@id\":\"https:\\\/\\\/alameen.ngo\\\/ar\\\/#\\\/schema\\\/logo\\\/image\\\/\"},\"sameAs\":[\"https:\\\/\\\/www.facebook.com\\\/profile.php?id=100064517267391\",\"https:\\\/\\\/x.com\\\/alameen_ngo\",\"https:\\\/\\\/www.youtube.com\\\/@alameen.organization\",\"https:\\\/\\\/www.linkedin.com\\\/company\\\/alameen-organization\\\/\",\"https:\\\/\\\/www.instagram.com\\\/alameen_organization\\\/\",\"https:\\\/\\\/www.threads.net\\\/@alameen_organization\",\"https:\\\/\\\/www.tiktok.com\\\/@alameen_organization\"]}]}<\/script>\n<!-- \/ Yoast SEO plugin. -->","yoast_head_json":{"title":"\u0627\u0644\u062a\u0628\u0631\u0639 | \u0645\u0646\u0638\u0645\u0629 \u0627\u0644\u0623\u0645\u064a\u0646","description":"\u0627\u0644\u062a\u0628\u0631\u0639 \u0645\u0647\u0645 \u0644\u0623\u0637\u0641\u0627\u0644 \u0627\u0644\u0644\u0627\u062c\u0626\u064a\u0646,\u0643\u0631\u0645\u0643 \u064a\u0646\u0642\u0630 \u0627\u0644\u0643\u062b\u064a\u0631 \u0645\u0646 \u0627\u0644\u0623\u0631\u0648\u0627\u062d \u0648 \u0645\u0633\u0627\u0639\u062f\u0629 \u0627\u0644\u0645\u0632\u064a\u062f \u0645\u0646 \u0627\u0644\u0623\u0637\u0641\u0627\u0644 \u060c \u0648\u062a\u062e\u0641\u064a\u0641 \u0627\u0644\u0645\u0639\u0627\u0646\u0627\u0629 \u0648\u0625\u0639\u0627\u062f\u0629 \u0628\u0646\u0627\u0621 \u0627\u0644\u0623\u0633\u0631","robots":{"index":"index","follow":"follow","max-snippet":"max-snippet:-1","max-image-preview":"max-image-preview:large","max-video-preview":"max-video-preview:-1"},"canonical":"https:\/\/alameen.ngo\/ar\/%d9%85%d9%86-%d9%86%d8%ad%d9%86\/%d8%a7%d9%84%d8%aa%d8%a8%d8%b1%d8%b9\/","og_locale":"ar_AR","og_type":"article","og_title":"\u0627\u0644\u062a\u0628\u0631\u0639 | \u0645\u0646\u0638\u0645\u0629 \u0627\u0644\u0623\u0645\u064a\u0646","og_description":"\u0627\u0644\u062a\u0628\u0631\u0639 \u0645\u0647\u0645 \u0644\u0623\u0637\u0641\u0627\u0644 \u0627\u0644\u0644\u0627\u062c\u0626\u064a\u0646,\u0643\u0631\u0645\u0643 \u064a\u0646\u0642\u0630 \u0627\u0644\u0643\u062b\u064a\u0631 \u0645\u0646 \u0627\u0644\u0623\u0631\u0648\u0627\u062d \u0648 \u0645\u0633\u0627\u0639\u062f\u0629 \u0627\u0644\u0645\u0632\u064a\u062f \u0645\u0646 \u0627\u0644\u0623\u0637\u0641\u0627\u0644 \u060c \u0648\u062a\u062e\u0641\u064a\u0641 \u0627\u0644\u0645\u0639\u0627\u0646\u0627\u0629 \u0648\u0625\u0639\u0627\u062f\u0629 \u0628\u0646\u0627\u0621 \u0627\u0644\u0623\u0633\u0631","og_url":"https:\/\/alameen.ngo\/ar\/%d9%85%d9%86-%d9%86%d8%ad%d9%86\/%d8%a7%d9%84%d8%aa%d8%a8%d8%b1%d8%b9\/","og_site_name":"\u0627\u0644\u062c\u0645\u0639\u064a\u0629 \u0627\u0644\u062f\u0648\u0644\u064a\u0629 &quot;\u0627\u0644\u0623\u0645\u064a\u0646&quot;","article_publisher":"https:\/\/www.facebook.com\/profile.php?id=100064517267391","article_modified_time":"2024-03-20T14:03:53+00:00","twitter_card":"summary_large_image","twitter_site":"@alameen_ngo","twitter_misc":{"\u0648\u0642\u062a \u0627\u0644\u0642\u0631\u0627\u0621\u0629 \u0627\u0644\u0645\u064f\u0642\u062f\u0651\u0631":"1 \u062f\u0642\u064a\u0642\u0629"},"schema":{"@context":"https:\/\/schema.org","@graph":[{"@type":"WebPage","@id":"https:\/\/alameen.ngo\/ar\/%d9%85%d9%86-%d9%86%d8%ad%d9%86\/%d8%a7%d9%84%d8%aa%d8%a8%d8%b1%d8%b9\/","url":"https:\/\/alameen.ngo\/ar\/%d9%85%d9%86-%d9%86%d8%ad%d9%86\/%d8%a7%d9%84%d8%aa%d8%a8%d8%b1%d8%b9\/","name":"\u0627\u0644\u062a\u0628\u0631\u0639 | \u0645\u0646\u0638\u0645\u0629 \u0627\u0644\u0623\u0645\u064a\u0646","isPartOf":{"@id":"https:\/\/alameen.ngo\/ar\/#website"},"datePublished":"2021-09-14T17:32:51+00:00","dateModified":"2024-03-20T14:03:53+00:00","description":"\u0627\u0644\u062a\u0628\u0631\u0639 \u0645\u0647\u0645 \u0644\u0623\u0637\u0641\u0627\u0644 \u0627\u0644\u0644\u0627\u062c\u0626\u064a\u0646,\u0643\u0631\u0645\u0643 \u064a\u0646\u0642\u0630 \u0627\u0644\u0643\u062b\u064a\u0631 \u0645\u0646 \u0627\u0644\u0623\u0631\u0648\u0627\u062d \u0648 \u0645\u0633\u0627\u0639\u062f\u0629 \u0627\u0644\u0645\u0632\u064a\u062f \u0645\u0646 \u0627\u0644\u0623\u0637\u0641\u0627\u0644 \u060c \u0648\u062a\u062e\u0641\u064a\u0641 \u0627\u0644\u0645\u0639\u0627\u0646\u0627\u0629 \u0648\u0625\u0639\u0627\u062f\u0629 \u0628\u0646\u0627\u0621 \u0627\u0644\u0623\u0633\u0631","breadcrumb":{"@id":"https:\/\/alameen.ngo\/ar\/%d9%85%d9%86-%d9%86%d8%ad%d9%86\/%d8%a7%d9%84%d8%aa%d8%a8%d8%b1%d8%b9\/#breadcrumb"},"inLanguage":"ar","potentialAction":[{"@type":"ReadAction","target":["https:\/\/alameen.ngo\/ar\/%d9%85%d9%86-%d9%86%d8%ad%d9%86\/%d8%a7%d9%84%d8%aa%d8%a8%d8%b1%d8%b9\/"]}]},{"@type":"BreadcrumbList","@id":"https:\/\/alameen.ngo\/ar\/%d9%85%d9%86-%d9%86%d8%ad%d9%86\/%d8%a7%d9%84%d8%aa%d8%a8%d8%b1%d8%b9\/#breadcrumb","itemListElement":[{"@type":"ListItem","position":1,"name":"\u0628\u064a\u062a"},{"@type":"ListItem","position":2,"name":"\u0645\u0646 \u0646\u062d\u0646","item":"https:\/\/alameen.ngo\/ar\/%d9%85%d9%86-%d9%86%d8%ad%d9%86\/"},{"@type":"ListItem","position":3,"name":"\u0627\u0644\u062a\u0628\u0631\u0639"}]},{"@type":"WebSite","@id":"https:\/\/alameen.ngo\/ar\/#website","url":"https:\/\/alameen.ngo\/ar\/","name":"Alameen Organization","description":"","publisher":{"@id":"https:\/\/alameen.ngo\/ar\/#organization"},"potentialAction":[{"@type":"SearchAction","target":{"@type":"EntryPoint","urlTemplate":"https:\/\/alameen.ngo\/ar\/?s={search_term_string}"},"query-input":{"@type":"PropertyValueSpecification","valueRequired":true,"valueName":"search_term_string"}}],"inLanguage":"ar"},{"@type":"Organization","@id":"https:\/\/alameen.ngo\/ar\/#organization","name":"Alameen","url":"https:\/\/alameen.ngo\/ar\/","logo":{"@type":"ImageObject","inLanguage":"ar","@id":"https:\/\/alameen.ngo\/ar\/#\/schema\/logo\/image\/","url":"https:\/\/alameen.ngo\/wp-content\/uploads\/2020\/08\/IRVD.png","contentUrl":"https:\/\/alameen.ngo\/wp-content\/uploads\/2020\/08\/IRVD.png","width":1850,"height":1000,"caption":"Alameen"},"image":{"@id":"https:\/\/alameen.ngo\/ar\/#\/schema\/logo\/image\/"},"sameAs":["https:\/\/www.facebook.com\/profile.php?id=100064517267391","https:\/\/x.com\/alameen_ngo","https:\/\/www.youtube.com\/@alameen.organization","https:\/\/www.linkedin.com\/company\/alameen-organization\/","https:\/\/www.instagram.com\/alameen_organization\/","https:\/\/www.threads.net\/@alameen_organization","https:\/\/www.tiktok.com\/@alameen_organization"]}]}},"campaignId":"","_links":{"self":[{"href":"https:\/\/alameen.ngo\/ar\/wp-json\/wp\/v2\/pages\/13131","targetHints":{"allow":["GET"]}}],"collection":[{"href":"https:\/\/alameen.ngo\/ar\/wp-json\/wp\/v2\/pages"}],"about":[{"href":"https:\/\/alameen.ngo\/ar\/wp-json\/wp\/v2\/types\/page"}],"author":[{"embeddable":true,"href":"https:\/\/alameen.ngo\/ar\/wp-json\/wp\/v2\/users\/1"}],"replies":[{"embeddable":true,"href":"https:\/\/alameen.ngo\/ar\/wp-json\/wp\/v2\/comments?post=13131"}],"version-history":[{"count":39,"href":"https:\/\/alameen.ngo\/ar\/wp-json\/wp\/v2\/pages\/13131\/revisions"}],"predecessor-version":[{"id":21797,"href":"https:\/\/alameen.ngo\/ar\/wp-json\/wp\/v2\/pages\/13131\/revisions\/21797"}],"up":[{"embeddable":true,"href":"https:\/\/alameen.ngo\/ar\/wp-json\/wp\/v2\/pages\/13130"}],"wp:attachment":[{"href":"https:\/\/alameen.ngo\/ar\/wp-json\/wp\/v2\/media?parent=13131"}],"curies":[{"name":"wp","href":"https:\/\/api.w.org\/{rel}","templated":true}]}}